{"id":35,"date":"2020-12-21T09:21:17","date_gmt":"2020-12-21T06:21:17","guid":{"rendered":"http:\/\/185.42.175.5\/~caglayan\/?page_id=35"},"modified":"2023-09-20T17:55:59","modified_gmt":"2023-09-20T14:55:59","slug":"iletisim","status":"publish","type":"page","link":"https:\/\/caglayan.furniture\/en\/iletisim\/","title":{"rendered":"Contact"},"content":{"rendered":"<div class=\"wpb-content-wrapper\"><div id=\"row-iletisim\" class=\"vc_row wpb_row vc_row-fluid\"><div class=\"wpb_column vc_column_container vc_col-sm-3\/5\"><div class=\"vc_column-inner\"><div class=\"wpb_wrapper\"><div class=\"vc_row wpb_row vc_inner vc_row-fluid\"><div class=\"wpb_column vc_column_container vc_col-sm-4\"><div class=\"vc_column-inner\"><div class=\"wpb_wrapper\">\n\t<div class=\"wpb_text_column wpb_content_element\" >\n\t\t<div class=\"wpb_wrapper\">\n\t\t\t<table>\n<tbody>\n<tr>\n<td><img decoding=\"async\" src=\"https:\/\/caglayan.furniture\/wp-content\/uploads\/2021\/12\/adres.png\" \/><\/td>\n<td>ADDRESS<\/td>\n<td><a href=\"https:\/\/g.page\/caglayanmobiIya?share\" target=\"_blank\" rel=\"noopener\">Yenicek\u00f6y Mh. Bursa \u2013 \u0130neg\u00f6l Karayolu 6. Km Mobiliyum AVM A Etap No: 36, \u0130neg\u00f6l\/Bursa<\/a><\/td>\n<\/tr>\n<\/tbody>\n<\/table>\n\n\t\t<\/div>\n\t<\/div>\n<\/div><\/div><\/div><div class=\"wpb_column vc_column_container vc_col-sm-4\"><div class=\"vc_column-inner\"><div class=\"wpb_wrapper\">\n\t<div class=\"wpb_text_column wpb_content_element\" >\n\t\t<div class=\"wpb_wrapper\">\n\t\t\t<table>\n<tbody>\n<tr>\n<td><img decoding=\"async\" src=\"https:\/\/caglayan.furniture\/wp-content\/uploads\/2021\/12\/telefon.png\" \/><\/td>\n<td>Phone<\/td>\n<td><a href=\"tel: 902247148050\">+90 224 714 80 50<\/a><\/td>\n<\/tr>\n<\/tbody>\n<\/table>\n\n\t\t<\/div>\n\t<\/div>\n<\/div><\/div><\/div><div class=\"wpb_column vc_column_container vc_col-sm-4\"><div class=\"vc_column-inner\"><div class=\"wpb_wrapper\">\n\t<div class=\"wpb_text_column wpb_content_element\" >\n\t\t<div class=\"wpb_wrapper\">\n\t\t\t<table>\n<tbody>\n<tr>\n<td><img decoding=\"async\" src=\"https:\/\/caglayan.furniture\/wp-content\/uploads\/2021\/12\/posta.png\" \/><\/td>\n<td>E-MAIL<\/td>\n<td><a href=\"mailto:info@caglayanmobilya.com.tr\">info@caglayanmobilya.com.tr<\/a><\/td>\n<\/tr>\n<\/tbody>\n<\/table>\n\n\t\t<\/div>\n\t<\/div>\n<\/div><\/div><\/div><\/div>\n\t<div  class=\"wpb_single_image wpb_content_element vc_align_center\">\n\t\t\n\t\t<figure class=\"wpb_wrapper vc_figure\">\n\t\t\t<div class=\"vc_single_image-wrapper   vc_box_border_grey\"><img loading=\"lazy\" decoding=\"async\" width=\"817\" height=\"332\" src=\"data:image\/png;base64,iVBORw0KGgoAAAANSUhEUgAAABkAAAAKCAYAAABBq\/VWAAAACXBIWXMAAA7EAAAOxAGVKw4bAAAC10lEQVQokVWTTW8bdRDGf7Ne79qbOPbGaWLjkCgRjSoKbRMQHMghhEOkXEAIuCDUYz9DxQVx4SNwQuLKpbxISD2kCm2loja0JkSQFytJSSM1LzTY7DpOs7v\/4WDHiJFGGo1G88zzPBoxxqgxBgVQRVFQ0E6tSicVYwyjI2P4AyXevXadFyuDXJ2bIpVKAWCJ4LouadsGEc7CPit2d58SxxGKYJKIOI7ZOlwhY2eZfm0OEUEEXM+jr1Dg4sQozSghPgmJ1CBqyOSKiMh\/B6siIm0QEeHmwm2ePN5iYLCEl0lz7+fbPHeecbjb4Osvr1AcOIeIcPWTj8kVzjE+lEdTNiIWa7VtRipDZHLtg1W1y8IYgxhjVDuoZ\/nTw5uUisN898M3vDk1w8z0LCIWxijG6P8WnYR\/s7X1J5VKiVyhiOd5iEhbrs6M3ZZBaNTrbNbWeOXSJEuPHnDUuEGxb4i3p9\/BGEPjnzoArZPnnEYRruNiTMJpK8Qv9KLGEARNVCGX623T6PjS9cRxHJ6s\/4ZLxIcz72EL3Lq3wOOdbe4s3iHruiwsLqIojUaLtOMydfll9g6O2Ns\/oFDwcZw04yNlLoy+wNz7H3UlsxJjuLG0yq27dwmbIX81AtJ2huDZAWOll3j4yzLffv8jG6u\/M1zMQqvORKXIW5fP4zvKlYvnyWYc8vk8Bd+ntr3L6kqVvf2DLoiErRP94IuvGA9qTPT3MDw2ThgERMEh95c3ePWNaVaqv+L3+0RRTDrdJp9K2QwU88RxTHV5hWYrxuvpxXEdslkPx3H5\/LNP6e\/328bvPN2nsbNGrs+nHh7zqFqlGQZsb\/yBkx+kXC7hOBk2Nzc5Pj5GVfG8LOVyGUuEjVqN01YTO2WR6\/WYn59nuFLhwqXXQQRRVU3imHr9iKX7D1hfXyNJDMYkHa5W9xHP+qpgWRYK9HgegmJZFkmSYFSZnJxkZnYWy2o\/6b85kFfZXO1WWwAAAABJRU5ErkJggg==\" class=\"vc_single_image-img attachment-full wd-lazy-load woodmart-lazy-load wd-lazy-fade\" alt=\"\" title=\"C\u0327AG\u0306LAYANNNN\" srcset=\"\" sizes=\"(max-width: 817px) 100vw, 817px\" data-wood-src=\"https:\/\/caglayan.furniture\/wp-content\/uploads\/2023\/06\/C\u0327AG\u0306LAYANNNN.png\" data-srcset=\"https:\/\/caglayan.furniture\/wp-content\/uploads\/2023\/06\/C\u0327AG\u0306LAYANNNN.png 817w, https:\/\/caglayan.furniture\/wp-content\/uploads\/2023\/06\/C\u0327AG\u0306LAYANNNN-300x122.png 300w, https:\/\/caglayan.furniture\/wp-content\/uploads\/2023\/06\/C\u0327AG\u0306LAYANNNN-768x312.png 768w, https:\/\/caglayan.furniture\/wp-content\/uploads\/2023\/06\/C\u0327AG\u0306LAYANNNN-18x7.png 18w, https:\/\/caglayan.furniture\/wp-content\/uploads\/2023\/06\/C\u0327AG\u0306LAYANNNN-800x325.png 800w, https:\/\/caglayan.furniture\/wp-content\/uploads\/2023\/06\/C\u0327AG\u0306LAYANNNN-150x61.png 150w\" \/><\/div>\n\t\t<\/figure>\n\t<\/div>\n<\/div><\/div><\/div><div class=\"wpb_column vc_column_container vc_col-sm-2\/5\" id=\"column-iletisim-form\"><div class=\"vc_column-inner\"><div class=\"wpb_wrapper\">\n\t<div class=\"wpb_text_column wpb_content_element\" >\n\t\t<div class=\"wpb_wrapper\">\n\t\t\t<div class=\"iletisim-baslik\">CONTACT FORM<\/div>\n\n\t\t<\/div>\n\t<\/div>\n\n<div class=\"wpcf7 no-js\" id=\"wpcf7-f6-o1\" lang=\"tr-TR\" dir=\"ltr\">\n<div class=\"screen-reader-response\"><p role=\"status\" aria-live=\"polite\" aria-atomic=\"true\"><\/p> <ul><\/ul><\/div>\n<form action=\"\/en\/wp-json\/wp\/v2\/pages\/35#wpcf7-f6-o1\" method=\"post\" class=\"wpcf7-form init\" aria-label=\"\u0130leti\u015fim Formu\" novalidate=\"novalidate\" data-status=\"init\" data-trp-original-action=\"\/en\/wp-json\/wp\/v2\/pages\/35#wpcf7-f6-o1\">\n<div style=\"display: none;\">\n<input type=\"hidden\" name=\"_wpcf7\" value=\"6\" \/>\n<input type=\"hidden\" name=\"_wpcf7_version\" value=\"5.9.8\" \/>\n<input type=\"hidden\" name=\"_wpcf7_locale\" value=\"tr_TR\" \/>\n<input type=\"hidden\" name=\"_wpcf7_unit_tag\" value=\"wpcf7-f6-o1\" \/>\n<input type=\"hidden\" name=\"_wpcf7_container_post\" value=\"0\" \/>\n<input type=\"hidden\" name=\"_wpcf7_posted_data_hash\" value=\"\" \/>\n<\/div>\n<p><span class=\"wpcf7-form-control-wrap\" data-name=\"your-name\"><input size=\"40\" maxlength=\"400\" class=\"wpcf7-form-control wpcf7-text wpcf7-validates-as-required\" aria-required=\"true\" aria-invalid=\"false\" placeholder=\"Name\" value=\"\" type=\"text\" name=\"your-name\" \/><\/span>\n<\/p>\n<p><span class=\"wpcf7-form-control-wrap\" data-name=\"your-email\"><input size=\"40\" maxlength=\"400\" class=\"wpcf7-form-control wpcf7-email wpcf7-validates-as-required wpcf7-text wpcf7-validates-as-email\" aria-required=\"true\" aria-invalid=\"false\" placeholder=\"E-mail*\" value=\"\" type=\"email\" name=\"your-email\" \/><\/span>\n<\/p>\n<p><span class=\"wpcf7-form-control-wrap\" data-name=\"your-subject\"><input size=\"40\" maxlength=\"400\" class=\"wpcf7-form-control wpcf7-text\" aria-invalid=\"false\" placeholder=\"Subject\" value=\"\" type=\"text\" name=\"your-subject\" \/><\/span>\n<\/p>\n<p><span class=\"wpcf7-form-control-wrap\" data-name=\"your-message\"><input size=\"40\" maxlength=\"400\" class=\"wpcf7-form-control wpcf7-text\" aria-invalid=\"false\" placeholder=\"Your message\" value=\"\" type=\"text\" name=\"your-message\" \/><\/span>\n<\/p>\n<p><input class=\"wpcf7-form-control wpcf7-submit has-spinner\" type=\"submit\" value=\"Send\" \/>\n<\/p><p style=\"display: none !important;\" class=\"akismet-fields-container\" data-prefix=\"_wpcf7_ak_\"><label>&#916;<textarea name=\"_wpcf7_ak_hp_textarea\" cols=\"45\" rows=\"8\" maxlength=\"100\"><\/textarea><\/label><input type=\"hidden\" id=\"ak_js_1\" name=\"_wpcf7_ak_js\" value=\"207\"\/><script>document.getElementById( \"ak_js_1\" ).setAttribute( \"value\", ( new Date() ).getTime() );<\/script><\/p><div class=\"wpcf7-response-output\" aria-hidden=\"true\"><\/div>\n<input type=\"hidden\" name=\"trp-form-language\" value=\"en\"\/><\/form>\n<\/div>\n<\/div><\/div><\/div><\/div><div id=\"row-harita\" class=\"vc_row wpb_row vc_row-fluid\"><div class=\"wpb_column vc_column_container vc_col-sm-12\"><div class=\"vc_column-inner\"><div class=\"wpb_wrapper\"><div class=\"wpb_gmaps_widget wpb_content_element\"><div class=\"wpb_wrapper\"><div class=\"wpb_map_wraper\"><iframe src=\"https:\/\/www.google.com\/maps\/embed?pb=!1m18!1m12!1m3!1d97635.62025568949!2d29.374814158203137!3d40.11748220000001!2m3!1f0!2f0!3f0!3m2!1i1024!2i768!4f13.1!3m3!1m2!1s0x14cbcb1fb5f84b7f%3A0x60b777c5314aa725!2zw4dhxJ9sYXlhbiBNb2JpbHlh!5e0!3m2!1str!2str!4v1640694979796!5m2!1str!2str\" width=\"600\" height=\"450\" style=\"border:0;\" allowfullscreen=\"\" loading=\"lazy\"><\/iframe><\/div><\/div><\/div><\/div><\/div><\/div><\/div>\n<\/div>","protected":false},"excerpt":{"rendered":"ADRES Yenicek\u00f6y Mh. Bursa \u2013 \u0130neg\u00f6l Karayolu 6. Km Mobiliyum AVM A Etap No: 36, \u0130neg\u00f6l\/Bursa TELEFON +90 224 714","protected":false},"author":1,"featured_media":0,"parent":0,"menu_order":0,"comment_status":"closed","ping_status":"closed","template":"","meta":{"footnotes":""},"class_list":["post-35","page","type-page","status-publish","hentry"],"_links":{"self":[{"href":"https:\/\/caglayan.furniture\/en\/wp-json\/wp\/v2\/pages\/35"}],"collection":[{"href":"https:\/\/caglayan.furniture\/en\/wp-json\/wp\/v2\/pages"}],"about":[{"href":"https:\/\/caglayan.furniture\/en\/wp-json\/wp\/v2\/types\/page"}],"author":[{"embeddable":true,"href":"https:\/\/caglayan.furniture\/en\/wp-json\/wp\/v2\/users\/1"}],"replies":[{"embeddable":true,"href":"https:\/\/caglayan.furniture\/en\/wp-json\/wp\/v2\/comments?post=35"}],"version-history":[{"count":20,"href":"https:\/\/caglayan.furniture\/en\/wp-json\/wp\/v2\/pages\/35\/revisions"}],"predecessor-version":[{"id":2932,"href":"https:\/\/caglayan.furniture\/en\/wp-json\/wp\/v2\/pages\/35\/revisions\/2932"}],"wp:attachment":[{"href":"https:\/\/caglayan.furniture\/en\/wp-json\/wp\/v2\/media?parent=35"}],"curies":[{"name":"wp","href":"https:\/\/api.w.org\/{rel}","templated":true}]}}