{"id":33,"date":"2020-12-21T09:19:45","date_gmt":"2020-12-21T06:19:45","guid":{"rendered":"http:\/\/185.42.175.5\/~caglayan\/?page_id=33"},"modified":"2022-09-22T14:11:00","modified_gmt":"2022-09-22T11:11:00","slug":"hakkimizda","status":"publish","type":"page","link":"https:\/\/caglayan.furniture\/en\/hakkimizda\/","title":{"rendered":"About Us"},"content":{"rendered":"<div class=\"wpb-content-wrapper\"><div id=\"row-misyon-vizyon\" data-vc-full-width=\"true\" data-vc-full-width-init=\"false\" data-vc-stretch-content=\"true\" class=\"vc_row wpb_row vc_row-fluid vc_custom_1663844888759 vc_row-has-fill wd-bg-left-center mobile-bg-img-hidden\"><div class=\"wpb_column vc_column_container vc_col-sm-4 vc_hidden-sm vc_hidden-xs\"><div class=\"vc_column-inner\"><div class=\"wpb_wrapper\">\t\t<div class=\"promo-banner-wrapper  wd-rs-61caf8584e517\">\n\t\t\t<div id=\"wd-61caf8584e517\" class=\"promo-banner  banner- banner-hover-none color-scheme-light banner-btn-size-default banner-btn-style-default banner-vr-align-top banner-hr-align-left  wd-underline-colored\"\t\t\t\t\t\t\t>\n\t\t\t\t<div class=\"main-wrapp-img\">\n\t\t\t\t\t<div class=\"banner-image wd-bg-position-center\" >\n\t\t\t\t\t\t<img loading=\"lazy\" decoding=\"async\" width=\"837\" height=\"694\" src=\"data:image\/png;base64,iVBORw0KGgoAAAANSUhEUgAAAA0AAAAKCAYAAABv7tTEAAAACXBIWXMAAA7EAAAOxAGVKw4bAAABfElEQVQokVWQzWoTUQBGz71zZ4qZTu7MtFXcO\/2JpCW4zkO4EKoggg\/jg\/gcoggFl5IuKhEatCjSmEnTZJr5v9dVq579+Th84vT0s7VAVZa4rsfJx\/fsH\/RwXY8ojjn58I7jl68Jo5hb1HK1pKkbPNcjyzLqpsFauFmvEYCUkroqARBCYK1FOtLhap5S1RWLqwUdf5M8X+NIQZFnPH32nJ0HDwGw1gIgk2SPqiwpioKbbIVyHLAW3+\/w+PAJdjXl09s3\/IuM4y36\/UNWaUpnY4M4ilBKcdDr0\/F90p\/fuL68+F8C2N3r4SiHtm0wreHR7j46jNE6BCFolX+XBqCEEEhH4Qddflx8Jy9yzs+\/EnQ1xy9eMRMR8+0jRqMRg8EAay3qdkEpBVhCrYmjCBAIKUiShOFwyHg8\/nuEMQZjDLauCTyFqSp2tu9zjxbf32QymfDl7IzpdHqXJ8qytACL+ZxmfY2RikCHLH\/\/Ioi3SGcztA5ZrjK07uK6Ln8AKTSjBKzOQRUAAAAASUVORK5CYII=\" class=\"promo-banner-image attachment-full wd-lazy-load woodmart-lazy-load wd-lazy-fade\" alt=\"\" title=\"hakkimizda\" srcset=\"\" sizes=\"(max-width: 837px) 100vw, 837px\" data-wood-src=\"https:\/\/caglayan.furniture\/wp-content\/uploads\/2021\/12\/hakkimizda.png\" data-srcset=\"https:\/\/caglayan.furniture\/wp-content\/uploads\/2021\/12\/hakkimizda.png 837w, https:\/\/caglayan.furniture\/wp-content\/uploads\/2021\/12\/hakkimizda-300x249.png 300w, https:\/\/caglayan.furniture\/wp-content\/uploads\/2021\/12\/hakkimizda-768x637.png 768w, https:\/\/caglayan.furniture\/wp-content\/uploads\/2021\/12\/hakkimizda-800x663.png 800w, https:\/\/caglayan.furniture\/wp-content\/uploads\/2021\/12\/hakkimizda-150x124.png 150w\" \/>\t\t\t\t\t<\/div>\n\t\t\t\t<\/div>\n\n\t\t\t\t<div class=\"wrapper-content-banner wd-fill  wd-items-top wd-justify-left\">\n\t\t\t\t\t<div class=\"content-banner text-left\">\n\t\t\t\t\t\t<div class=\"banner-title-wrap banner-title-default\">\n\t\t\t\t\t\t\t\t\t\t\t\t\t<\/div>\n\t\t\t\t\t\t\t\t\t\t\t\t\t\t\t\t\t<\/div>\n\t\t\t\t<\/div>\n\t\t\t\t\t\t\t<\/div>\n\t\t<\/div>\n\n\t\t<\/div><\/div><\/div><div class=\"wpb_column vc_column_container vc_col-sm-4\"><div class=\"vc_column-inner\"><div class=\"wpb_wrapper\">\n\t<div class=\"wpb_text_column wpb_content_element\" >\n\t\t<div class=\"wpb_wrapper\">\n\t\t\t<h1 style=\"text-align: center;\"><strong>ABOUT US<\/strong><\/h1>\n<p><span style=\"font-weight: 400;\">\u00a0\u00a0\u00a0\u00a0\u00a0\u00c7a\u011flayan Furniture is one of the rare companies that has been in the sector for more than 60 years and continues to serve by blending the experience of the past with the energy of the new generation representatives.<\/span><\/p>\n<p><span style=\"font-weight: 400;\">\u00a0\u00a0\u00a0\u00a0\u00a0With its modern line, sophisticated designs and high quality standards; \u00c7a\u011flayan Mobilya offers design and supply solutions suitable for the needs of its customers. In all these processes, it is the basic approach to ensure quality continuity without compromising its principle. It is to this approach that \u00c7a\u011flayan Mobilya has been one of the most respected brands in the furniture industry for three generations.\u00a0<\/span><\/p>\n<p><span style=\"font-weight: 400;\">\u00a0\u00a0\u00a0\u00a0\u00a0With this mentality \u00c7a\u011flayan Mobilya has achieved many successes and has been the pioneer of many innovations.<\/span><\/p>\n\n\t\t<\/div>\n\t<\/div>\n\n\t<div  class=\"wpb_single_image wpb_content_element vc_align_center\">\n\t\t\n\t\t<figure class=\"wpb_wrapper vc_figure\">\n\t\t\t<div class=\"vc_single_image-wrapper   vc_box_border_grey\"><img loading=\"lazy\" decoding=\"async\" width=\"173\" height=\"72\" src=\"data:image\/png;base64,iVBORw0KGgoAAAANSUhEUgAAABkAAAAKCAYAAABBq\/VWAAAACXBIWXMAAA7EAAAOxAGVKw4bAAAAzklEQVQokeXRP0vCURTG8Y8iIiISDuLgIA3S1CQNDSENvYheazREg4STRDRGU3M0SEg09IgX\/UEUbn6Xe+\/595xzLodKG0d\/TapvvY8xrrBDC1M0KnwN9HLv4DS2IdQKsSkeIvSIr6J78b+myAtWuMAHThI3T5O3EX1Cay1yhTss0cd5As8wwX0a6RfCsxSfx\/dWTLYqx6xhkOQFuhF8RzPBSzxn9AU+kzuMyM3u9naZ5Bz52XvJZYVtTdfmH35lgGub3ZdUffK\/Ge2z2DbfuFwcpONUTDYAAAAASUVORK5CYII=\" class=\"vc_single_image-img attachment-full wd-lazy-load woodmart-lazy-load wd-lazy-fade\" alt=\"\" title=\"caglayan-imza\" srcset=\"\" sizes=\"(max-width: 173px) 100vw, 173px\" data-wood-src=\"https:\/\/caglayan.furniture\/wp-content\/uploads\/2021\/12\/caglayan-imza.png\" data-srcset=\"https:\/\/caglayan.furniture\/wp-content\/uploads\/2021\/12\/caglayan-imza.png 173w, https:\/\/caglayan.furniture\/wp-content\/uploads\/2021\/12\/caglayan-imza-150x62.png 150w\" \/><\/div>\n\t\t<\/figure>\n\t<\/div>\n<\/div><\/div><\/div><div class=\"wpb_column vc_column_container vc_col-sm-4\"><div class=\"vc_column-inner\"><div class=\"wpb_wrapper\"><\/div><\/div><\/div><\/div><div class=\"vc_row-full-width vc_clearfix\"><\/div>\n<\/div>","protected":false},"excerpt":{"rendered":"HAKKIMIZDA \u00a0\u00a0\u00a0\u00a0\u00a0\u00c7a\u011flayan Mobilya; 60 y\u0131l\u0131 a\u015fk\u0131n s\u00fcredir mobilya sekt\u00f6r\u00fcnde varl\u0131\u011f\u0131n\u0131 s\u00fcrd\u00fcren, ge\u00e7mi\u015fin birikimlerini yeni nesil temsilcilerin enerjisiyle harmanlay\u0131p hizmet vermeye","protected":false},"author":1,"featured_media":0,"parent":0,"menu_order":0,"comment_status":"closed","ping_status":"closed","template":"","meta":{"footnotes":""},"class_list":["post-33","page","type-page","status-publish","hentry"],"_links":{"self":[{"href":"https:\/\/caglayan.furniture\/en\/wp-json\/wp\/v2\/pages\/33"}],"collection":[{"href":"https:\/\/caglayan.furniture\/en\/wp-json\/wp\/v2\/pages"}],"about":[{"href":"https:\/\/caglayan.furniture\/en\/wp-json\/wp\/v2\/types\/page"}],"author":[{"embeddable":true,"href":"https:\/\/caglayan.furniture\/en\/wp-json\/wp\/v2\/users\/1"}],"replies":[{"embeddable":true,"href":"https:\/\/caglayan.furniture\/en\/wp-json\/wp\/v2\/comments?post=33"}],"version-history":[{"count":12,"href":"https:\/\/caglayan.furniture\/en\/wp-json\/wp\/v2\/pages\/33\/revisions"}],"predecessor-version":[{"id":1519,"href":"https:\/\/caglayan.furniture\/en\/wp-json\/wp\/v2\/pages\/33\/revisions\/1519"}],"wp:attachment":[{"href":"https:\/\/caglayan.furniture\/en\/wp-json\/wp\/v2\/media?parent=33"}],"curies":[{"name":"wp","href":"https:\/\/api.w.org\/{rel}","templated":true}]}}